{"id":9220,"date":"2021-06-04T09:34:23","date_gmt":"2021-06-04T09:34:23","guid":{"rendered":"https:\/\/www.helixgs.com\/?page_id=9220"},"modified":"2022-07-15T18:57:01","modified_gmt":"2022-07-15T18:57:01","slug":"explore-career-opportunities","status":"publish","type":"page","link":"https:\/\/www.helixgs.com\/fr\/explore-career-opportunities\/","title":{"rendered":"Explorez les opportunit\u00e9s de carri\u00e8re"},"content":{"rendered":"<div data-elementor-type=\"wp-page\" data-elementor-id=\"9220\" class=\"elementor elementor-9220\">\n\t\t\t\t\t\t<div class=\"elementor-inner\">\n\t\t\t\t<div class=\"elementor-section-wrap\">\n\t\t\t\t\t\t\t\t\t<section class=\"elementor-section elementor-top-section elementor-element elementor-element-e33b723 elementor-section-full_width elementor-section-stretched elementor-section-height-default elementor-section-height-default\" data-id=\"e33b723\" data-element_type=\"section\" data-settings=\"{&quot;stretch_section&quot;:&quot;section-stretched&quot;}\">\n\t\t\t\t\t\t<div class=\"elementor-container elementor-column-gap-no\">\n\t\t\t\t\t\t\t<div class=\"elementor-row\">\n\t\t\t\t\t<div class=\"elementor-column elementor-col-100 elementor-top-column elementor-element elementor-element-76b0595\" data-id=\"76b0595\" data-element_type=\"column\">\n\t\t\t<div class=\"elementor-column-wrap elementor-element-populated\">\n\t\t\t\t\t\t\t<div class=\"elementor-widget-wrap\">\n\t\t\t\t\t\t<div class=\"elementor-element elementor-element-bc84d6a elementor-widget elementor-widget-image\" data-id=\"bc84d6a\" data-element_type=\"widget\" data-widget_type=\"image.default\">\n\t\t\t\t<div class=\"elementor-widget-container\">\n\t\t\t\t\t\t\t\t<div class=\"elementor-image\">\n\t\t\t\t\t\t\t\t\t\t\t\t<img src=\"https:\/\/www.helixgs.com\/wp-content\/uploads\/2022\/07\/helix_fr_join.png\" title=\"\" alt=\"\" \/>\t\t\t\t\t\t\t\t\t\t\t\t\t\t<\/div>\n\t\t\t\t\t\t<\/div>\n\t\t\t\t<\/div>\n\t\t\t\t\t\t<\/div>\n\t\t\t\t\t<\/div>\n\t\t<\/div>\n\t\t\t\t\t\t\t\t<\/div>\n\t\t\t\t\t<\/div>\n\t\t<\/section>\n\t\t\t\t<section class=\"elementor-section elementor-top-section elementor-element elementor-element-19b2d31 elementor-section-boxed elementor-section-height-default elementor-section-height-default\" data-id=\"19b2d31\" data-element_type=\"section\">\n\t\t\t\t\t\t<div class=\"elementor-container elementor-column-gap-default\">\n\t\t\t\t\t\t\t<div class=\"elementor-row\">\n\t\t\t\t\t<div class=\"elementor-column elementor-col-100 elementor-top-column elementor-element elementor-element-08e028c\" data-id=\"08e028c\" data-element_type=\"column\">\n\t\t\t<div class=\"elementor-column-wrap elementor-element-populated\">\n\t\t\t\t\t\t\t<div class=\"elementor-widget-wrap\">\n\t\t\t\t\t\t<div class=\"elementor-element elementor-element-2752e80 elementor-widget elementor-widget-heading\" data-id=\"2752e80\" data-element_type=\"widget\" data-widget_type=\"heading.default\">\n\t\t\t\t<div class=\"elementor-widget-container\">\n\t\t\t<h2 class=\"elementor-heading-title elementor-size-default\">Repr\u00e9sentants du service \u00e0 la client\u00e8le\n<\/h2>\t\t<\/div>\n\t\t\t\t<\/div>\n\t\t\t\t\t\t<\/div>\n\t\t\t\t\t<\/div>\n\t\t<\/div>\n\t\t\t\t\t\t\t\t<\/div>\n\t\t\t\t\t<\/div>\n\t\t<\/section>\n\t\t\t\t<section class=\"elementor-section elementor-top-section elementor-element elementor-element-da4b0e5 elementor-section-boxed elementor-section-height-default elementor-section-height-default\" data-id=\"da4b0e5\" data-element_type=\"section\" data-settings=\"{&quot;animation&quot;:&quot;none&quot;}\">\n\t\t\t\t\t\t<div class=\"elementor-container elementor-column-gap-default\">\n\t\t\t\t\t\t\t<div class=\"elementor-row\">\n\t\t\t\t\t<div class=\"elementor-column elementor-col-100 elementor-top-column elementor-element elementor-element-dc37e0c\" data-id=\"dc37e0c\" data-element_type=\"column\">\n\t\t\t<div class=\"elementor-column-wrap elementor-element-populated\">\n\t\t\t\t\t\t\t<div class=\"elementor-widget-wrap\">\n\t\t\t\t\t\t<div class=\"elementor-element elementor-element-41459bc elementor-widget elementor-widget-text-editor\" data-id=\"41459bc\" data-element_type=\"widget\" data-widget_type=\"text-editor.default\">\n\t\t\t\t<div class=\"elementor-widget-container\">\n\t\t\t\t\t\t\t\t<div class=\"elementor-text-editor elementor-clearfix\">\n\t\t\t\t<p>L\u2019embauche de repr\u00e9sentants du service \u00e0 la client\u00e8le chez Solutions globales Helix un fournisseur de solutions de r\u00e9compense et de fid\u00e9lisation. Nous mettons des clients en relation avec des entreprises en augmentant la valeur de la marque gr\u00e2ce \u00e0 nos syst\u00e8mes de fid\u00e9lisation et d\u2019ex\u00e9cution de r\u00e9compenses. HGS est pr\u00e9sent dans le monde entier et propose des services complets en Am\u00e9rique du Nord, en Europe, en Asie et au Moyen-Orient.<\/p><p>Nous recherchons des repr\u00e9sentants de service \u00e0 la client\u00e8le pour notre centre d'appel. Aucune vente requise. Vous serez responsable de r\u00e9pondre aux demandes des clients par t\u00e9l\u00e9phone et par nos services en ligne. Nous recherchons des personnes capables de relever le d\u00e9fi d'aider leurs clients. Travailleurs rapides qui peuvent respecter les d\u00e9lais et sont dispos\u00e9s \u00e0 apprendre de nouvelles taches.<\/p><p>Nous recherchons des candidats qui parlent les langues suivantes: -Francais, Anglais, Mandarin, Cantonin.<\/p><p class=\" translation-block\">Nous comblons actuellement les quarts de travail suivants; cependant, les heures sont flexibles: 8 h - 16 h; 10 h - 18 h; 13 h - 21 h; et les fins de semaine par rotation.<\/p><p><b>Comp\u00e9tences requises <\/b><\/p><ul><li>Fournir une assistance et une r\u00e9solution de probl\u00e8mes aux clients dans les domaines de l\u2019\u00e9tat des commandes et de la disponibilit\u00e9 des produits<\/li><li>Bonnes comp\u00e9tences t\u00e9l\u00e9phoniques et de conversation<\/li><li>Doit avoir une disposition amicale, polie et patiente au t\u00e9l\u00e9phone<\/li><li>Capacit\u00e9 \u00e0 travailler sur des t\u00e2ches multiples<\/li><li>Bonne connaissance informatique d\u2019Excel et Word<\/li><\/ul><p>Nous appr\u00e9cions votre int\u00e9r\u00eat \u00e0 travailler chez Solutions globales Helix et vous avisons que seuls les candidats s\u00e9lectionn\u00e9s pour participer au processus de recrutement seront contact\u00e9s.<\/p><p><a href=\"https:\/\/www.helixgs.com\/fr\/\">https:\/\/www.helixgs.com<\/a><\/p>\t\t\t\t\t<\/div>\n\t\t\t\t\t\t<\/div>\n\t\t\t\t<\/div>\n\t\t\t\t\t\t<\/div>\n\t\t\t\t\t<\/div>\n\t\t<\/div>\n\t\t\t\t\t\t\t\t<\/div>\n\t\t\t\t\t<\/div>\n\t\t<\/section>\n\t\t\t\t<section class=\"elementor-section elementor-top-section elementor-element elementor-element-e9fab98 elementor-section-boxed elementor-section-height-default elementor-section-height-default\" data-id=\"e9fab98\" data-element_type=\"section\">\n\t\t\t\t\t\t<div class=\"elementor-container elementor-column-gap-default\">\n\t\t\t\t\t\t\t<div class=\"elementor-row\">\n\t\t\t\t\t<div class=\"elementor-column elementor-col-100 elementor-top-column elementor-element elementor-element-639bfad\" data-id=\"639bfad\" data-element_type=\"column\">\n\t\t\t<div class=\"elementor-column-wrap elementor-element-populated\">\n\t\t\t\t\t\t\t<div class=\"elementor-widget-wrap\">\n\t\t\t\t\t\t<div class=\"elementor-element elementor-element-b821e64 elementor-widget elementor-widget-shortcode\" data-id=\"b821e64\" data-element_type=\"widget\" data-widget_type=\"shortcode.default\">\n\t\t\t\t<div class=\"elementor-widget-container\">\n\t\t\t\t\t<div class=\"elementor-shortcode\"><div role=\"form\" class=\"wpcf7\" id=\"wpcf7-f9250-o1\" lang=\"en-US\" dir=\"ltr\">\n<div class=\"screen-reader-response\"><p role=\"status\" aria-live=\"polite\" aria-atomic=\"true\"><\/p> <ul><\/ul><\/div>\n<form action=\"\/fr\/wp-json\/wp\/v2\/pages\/9220#wpcf7-f9250-o1\" method=\"post\" class=\"wpcf7-form init\" novalidate=\"novalidate\" data-status=\"init\" data-trp-original-action=\"\/fr\/wp-json\/wp\/v2\/pages\/9220#wpcf7-f9250-o1\">\n<div style=\"display: none;\">\n<input type=\"hidden\" name=\"_wpcf7\" value=\"9250\" \/>\n<input type=\"hidden\" name=\"_wpcf7_version\" value=\"5.5.6.1\" \/>\n<input type=\"hidden\" name=\"_wpcf7_locale\" value=\"en_US\" \/>\n<input type=\"hidden\" name=\"_wpcf7_unit_tag\" value=\"wpcf7-f9250-o1\" \/>\n<input type=\"hidden\" name=\"_wpcf7_container_post\" value=\"0\" \/>\n<input type=\"hidden\" name=\"_wpcf7_posted_data_hash\" value=\"\" \/>\n<input type=\"hidden\" name=\"_wpcf7_recaptcha_response\" value=\"\" \/>\n<\/div>\n<div class=\"job-custom-form addition\">\n<h3>Formulaire de demande d'emploi<\/h3>\n<p><label> Type d'emploi <span class=\"wpcf7-form-control-wrap text-636\"><input type=\"text\" name=\"text-636\" value=\"\" size=\"40\" class=\"wpcf7-form-control wpcf7-text\" id=\"jobtitle\" aria-invalid=\"false\" \/><\/span><\/label><br \/>\n<label>  Nom <sup style=\"color:red\">*<\/sup> <span class=\"wpcf7-form-control-wrap your-name\"><input type=\"text\" name=\"your-name\" value=\"\" size=\"40\" class=\"wpcf7-form-control wpcf7-text wpcf7-validates-as-required\" aria-required=\"true\" aria-invalid=\"false\" \/><\/span> <\/label><br \/>\n<label>  Courriel <sup style=\"color:red\">*<\/sup> <span class=\"wpcf7-form-control-wrap your-email\"><input type=\"email\" name=\"your-email\" value=\"\" size=\"40\" class=\"wpcf7-form-control wpcf7-text wpcf7-email wpcf7-validates-as-required wpcf7-validates-as-email\" aria-required=\"true\" aria-invalid=\"false\" \/><\/span> <\/label><br \/>\n<label> Num\u00e9ro de t\u00e9l\u00e9phone <span class=\"wpcf7-form-control-wrap tel-106\"><input type=\"tel\" name=\"tel-106\" value=\"\" size=\"40\" class=\"wpcf7-form-control wpcf7-text wpcf7-tel wpcf7-validates-as-tel\" aria-invalid=\"false\" \/><\/span>  <\/label><br \/>\n<label> Message <span class=\"wpcf7-form-control-wrap your-message\"><textarea name=\"your-message\" cols=\"40\" rows=\"10\" class=\"wpcf7-form-control wpcf7-textarea\" aria-invalid=\"false\"><\/textarea><\/span> <\/label><br \/>\n<label> Ajouter un CV <span class=\"wpcf7-form-control-wrap upload-file-15\"><input type=\"file\" size=\"40\" class=\"wpcf7-form-control wpcf7-drag-n-drop-file d-none\" aria-required=\"true\" aria-invalid=\"false\" multiple=\"multiple\" data-name=\"upload-file-15\" data-type=\"doc|docx|pdf|txt\" data-id=\"9250\" data-version=\"free version 1.3.6.3\" accept=\".doc, .docx, .pdf, .txt\" \/><\/span> <\/label>  <\/p>\n<span class=\"wpcf7-form-control-wrap recaptcha\" data-name=\"recaptcha\"><span data-sitekey=\"6LdU2vcqAAAAAME2UD2dA7M-spBd1Hh4xhS4sOn9\" class=\"wpcf7-form-control g-recaptcha wpcf7-recaptcha\"><\/span>\r\n<noscript>\r\n\t<div class=\"grecaptcha-noscript\">\r\n\t\t<iframe loading=\"lazy\" src=\"https:\/\/www.google.com\/recaptcha\/api\/fallback?k=6LdU2vcqAAAAAME2UD2dA7M-spBd1Hh4xhS4sOn9\" frameborder=\"0\" scrolling=\"no\" width=\"310\" height=\"430\">\r\n\t\t<\/iframe>\r\n\t\t<textarea name=\"g-recaptcha-response\" rows=\"3\" cols=\"40\" placeholder=\"reCaptcha Response Here\">\r\n\t\t<\/textarea>\r\n\t<\/div>\r\n<\/noscript>\r\n<\/span>\n<div class=\"submit-btn\"><input type=\"submit\" value=\"NOUS FAIRE PARVENIR\" class=\"wpcf7-form-control has-spinner wpcf7-submit\" \/><\/div>\n<\/div>\n<input type='hidden' class='wpcf7-pum' value='{\"closepopup\":false,\"closedelay\":0,\"openpopup\":false,\"openpopup_id\":0}' \/><div class=\"wpcf7-response-output\" aria-hidden=\"true\"><\/div><input type=\"hidden\" name=\"trp-form-language\" value=\"fr\"\/><\/form><\/div><\/div>\n\t\t\t\t<\/div>\n\t\t\t\t<\/div>\n\t\t\t\t\t\t<\/div>\n\t\t\t\t\t<\/div>\n\t\t<\/div>\n\t\t\t\t\t\t\t\t<\/div>\n\t\t\t\t\t<\/div>\n\t\t<\/section>\n\t\t\t\t\t\t\t\t\t<\/div>\n\t\t\t<\/div>\n\t\t\t\t\t<\/div>","protected":false},"excerpt":{"rendered":"<p>Customer Service Representatives Hiring Customer Service Representatives at Helix Global Solutions a reward and loyalty, solution provider. We connect customers to companies by increasing brand value through our loyalty and reward fulfillment systems.HGS reaches across the globe, with full-service operations in North America, Europe, Asia, and the Middle East. We are looking for Customer Service &hellip; <a href=\"https:\/\/www.helixgs.com\/fr\/explore-career-opportunities\/\" class=\"more-link\">Continue reading<span class=\"screen-reader-text\"> &#8220;Explore Career Opportunities&#8221;<\/span><\/a><\/p>","protected":false},"author":1,"featured_media":0,"parent":0,"menu_order":0,"comment_status":"closed","ping_status":"closed","template":"elementor_canvas","meta":{"_mi_skip_tracking":false},"acf":[],"_links":{"self":[{"href":"https:\/\/www.helixgs.com\/fr\/wp-json\/wp\/v2\/pages\/9220"}],"collection":[{"href":"https:\/\/www.helixgs.com\/fr\/wp-json\/wp\/v2\/pages"}],"about":[{"href":"https:\/\/www.helixgs.com\/fr\/wp-json\/wp\/v2\/types\/page"}],"author":[{"embeddable":true,"href":"https:\/\/www.helixgs.com\/fr\/wp-json\/wp\/v2\/users\/1"}],"replies":[{"embeddable":true,"href":"https:\/\/www.helixgs.com\/fr\/wp-json\/wp\/v2\/comments?post=9220"}],"version-history":[{"count":307,"href":"https:\/\/www.helixgs.com\/fr\/wp-json\/wp\/v2\/pages\/9220\/revisions"}],"predecessor-version":[{"id":12222,"href":"https:\/\/www.helixgs.com\/fr\/wp-json\/wp\/v2\/pages\/9220\/revisions\/12222"}],"wp:attachment":[{"href":"https:\/\/www.helixgs.com\/fr\/wp-json\/wp\/v2\/media?parent=9220"}],"curies":[{"name":"wp","href":"https:\/\/api.w.org\/{rel}","templated":true}]}}